{"id":238437,"date":"2021-08-31T05:35:28","date_gmt":"2021-08-31T04:35:28","guid":{"rendered":"https:\/\/cetis.tempurl.host\/sigurnost-obrade-i-kontrola-kvalitete\/"},"modified":"2025-01-30T06:24:23","modified_gmt":"2025-01-30T05:24:23","slug":"processing-security-and-qualitiy-control","status":"publish","type":"page","link":"https:\/\/cetis.hr\/en\/processing-security-and-qualitiy-control\/","title":{"rendered":"Processing security and qualitiy control"},"content":{"rendered":"<p>[et_pb_section fb_built=&#8221;1&#8243; admin_label=&#8221;Landing Hero&#8221; _builder_version=&#8221;4.10.4&#8243; use_background_color_gradient=&#8221;on&#8221; background_color_gradient_start=&#8221;#114782&#8243; background_color_gradient_end=&#8221;#114782&#8243; background_image=&#8221;https:\/\/cetis.hr\/wp-content\/uploads\/2021\/08\/bg.jpg&#8221; background_blend=&#8221;overlay&#8221; custom_padding=&#8221;100px|0px|56px|0px||&#8221; animation_style=&#8221;slide&#8221; animation_direction=&#8221;top&#8221; animation_intensity_slide=&#8221;2%&#8221; locked=&#8221;off&#8221; global_colors_info=&#8221;{}&#8221;][et_pb_row _builder_version=&#8221;4.10.4&#8243; width=&#8221;90%&#8221; max_width=&#8221;1170px&#8221; custom_margin=&#8221;|||&#8221; custom_width_px=&#8221;1280px&#8221; global_colors_info=&#8221;{}&#8221;][et_pb_column type=&#8221;4_4&#8243; _builder_version=&#8221;3.25&#8243; custom_padding=&#8221;|||&#8221; global_colors_info=&#8221;{}&#8221; custom_padding__hover=&#8221;|||&#8221;][et_pb_post_title meta=&#8221;off&#8221; featured_image=&#8221;off&#8221; _builder_version=&#8221;4.10.4&#8243; _module_preset=&#8221;default&#8221; title_text_color=&#8221;#FFFFFF&#8221; title_font_size=&#8221;56px&#8221; global_colors_info=&#8221;{}&#8221;][\/et_pb_post_title][et_pb_text disabled_on=&#8221;on|on|on&#8221; _builder_version=&#8221;4.10.4&#8243; text_text_color=&#8221;#FFFFFF&#8221; text_font_size=&#8221;16px&#8221; text_line_height=&#8221;1.9em&#8221; disabled=&#8221;on&#8221; locked=&#8221;off&#8221; global_colors_info=&#8221;{}&#8221;]<\/p>\n<p><span style=\"font-weight: 400;\">Na podru\u010dju ispisa i kuvertiranja CETIS-ZG d.o.o. nudi\u00a0<\/span><b>cjelovita rje\u0161enja koja omogu\u0107avaju izvr\u0161enje procesa mailinga od idejnog rje\u0161enja do distribucije krajnjim korisnicima<\/b><\/p>\n<p>[\/et_pb_text][\/et_pb_column][\/et_pb_row][\/et_pb_section][et_pb_section fb_built=&#8221;1&#8243; _builder_version=&#8221;4.10.4&#8243; _module_preset=&#8221;default&#8221; global_colors_info=&#8221;{}&#8221;][et_pb_row column_structure=&#8221;1_2,1_2&#8243; _builder_version=&#8221;4.10.4&#8243; _module_preset=&#8221;default&#8221; width=&#8221;90%&#8221; max_width=&#8221;1170px&#8221; global_colors_info=&#8221;{}&#8221;][et_pb_column type=&#8221;1_2&#8243; _builder_version=&#8221;4.10.4&#8243; _module_preset=&#8221;default&#8221; global_colors_info=&#8221;{}&#8221;][et_pb_text _builder_version=&#8221;4.10.7&#8243; _module_preset=&#8221;default&#8221; text_font_size=&#8221;16px&#8221; text_line_height=&#8221;1.8em&#8221; global_colors_info=&#8221;{}&#8221;]<\/p>\n<p><span style=\"font-weight: 400;\">CETIS-ZG d.o.o. is certificated according to <strong>ISO 9001 Quality Management System<\/strong> which means that the Company has organized its processes, operations and documentations according to the standard of the quality system. Business according to the ISO 9001 standard is one of the most successful and efficient forms of achieving business quality and successfully meeting customer needs, which are all values that CETIS-ZG d.o.o. systematically strives. <\/span><\/p>\n<p>[\/et_pb_text][\/et_pb_column][et_pb_column type=&#8221;1_2&#8243; _builder_version=&#8221;4.10.4&#8243; _module_preset=&#8221;default&#8221; global_colors_info=&#8221;{}&#8221;][et_pb_text _builder_version=&#8221;4.10.7&#8243; _module_preset=&#8221;default&#8221; text_font_size=&#8221;16px&#8221; text_line_height=&#8221;1.8em&#8221; global_colors_info=&#8221;{}&#8221;]<\/p>\n<p><span style=\"font-weight: 400;\">CETIS-ZG d.o.o. is certified in accordance with <strong>ISO\/IEC 27001 Information Security Management System.<\/strong> The standard enables optimal security to our clients when it comes to personal data protection, security of data confidentiality and information systems. Our expert team ensures security at all stages of production from data receipt to final shipment to the distribution providers.<\/span><\/p>\n<p>[\/et_pb_text][\/et_pb_column][\/et_pb_row][et_pb_row _builder_version=&#8221;4.14.7&#8243; _module_preset=&#8221;default&#8221; width=&#8221;90%&#8221; max_width=&#8221;1170px&#8221; hover_enabled=&#8221;0&#8243; global_colors_info=&#8221;{}&#8221; sticky_enabled=&#8221;0&#8243;][et_pb_column type=&#8221;4_4&#8243; _builder_version=&#8221;4.10.4&#8243; _module_preset=&#8221;default&#8221; global_colors_info=&#8221;{}&#8221;][et_pb_image src=&#8221;https:\/\/cetis.hr\/wp-content\/uploads\/2025\/01\/BVCER_SansQR-ISO-27001-9001.png&#8221; _builder_version=&#8221;4.14.7&#8243; _module_preset=&#8221;default&#8221; title_text=&#8221;BVCER_SansQR-ISO 27001 9001&#8243; hover_enabled=&#8221;0&#8243; sticky_enabled=&#8221;0&#8243; align=&#8221;center&#8221;][\/et_pb_image][\/et_pb_column][\/et_pb_row][\/et_pb_section][et_pb_section fb_built=&#8221;1&#8243; admin_label=&#8221;Footer&#8221; _builder_version=&#8221;3.22&#8243; background_color=&#8221;#f7f8fc&#8221; min_height=&#8221;319px&#8221; custom_padding=&#8221;46px|0px|46px|0px|true|&#8221; animation_style=&#8221;zoom&#8221; animation_direction=&#8221;bottom&#8221; animation_intensity_zoom=&#8221;6%&#8221; animation_starting_opacity=&#8221;100%&#8221; global_module=&#8221;238425&#8243; saved_tabs=&#8221;all&#8221; locked=&#8221;off&#8221; global_colors_info=&#8221;{}&#8221;][et_pb_row _builder_version=&#8221;4.14.7&#8243; _module_preset=&#8221;default&#8221; min_height=&#8221;219px&#8221; global_colors_info=&#8221;{}&#8221;][et_pb_column type=&#8221;4_4&#8243; _builder_version=&#8221;4.14.7&#8243; _module_preset=&#8221;default&#8221; global_colors_info=&#8221;{}&#8221;][\/et_pb_column][\/et_pb_row][\/et_pb_section]<\/p>\n","protected":false},"excerpt":{"rendered":"<p>Na podru\u010dju ispisa i kuvertiranja CETIS-ZG d.o.o. nudi\u00a0cjelovita rje\u0161enja koja omogu\u0107avaju izvr\u0161enje procesa mailinga od idejnog rje\u0161enja do distribucije krajnjim korisnicima CETIS-ZG d.o.o. is certificated according to ISO 9001 Quality Management System which means that the Company has organized its processes, operations and documentations according to the standard of the quality system. Business according to [&hellip;]<\/p>\n","protected":false},"author":1,"featured_media":0,"parent":0,"menu_order":0,"comment_status":"closed","ping_status":"closed","template":"","meta":{"_et_pb_use_builder":"on","_et_pb_old_content":"","_et_gb_content_width":""},"yoast_head":"<!-- This site is optimized with the Yoast SEO plugin v18.2 - https:\/\/yoast.com\/wordpress\/plugins\/seo\/ -->\n<title>Processing security and qualitiy control - CETIS<\/title>\n<meta name=\"robots\" content=\"index, follow, max-snippet:-1, max-image-preview:large, max-video-preview:-1\" \/>\n<link rel=\"canonical\" href=\"https:\/\/cetis.hr\/en\/processing-security-and-qualitiy-control\/\" \/>\n<meta property=\"og:locale\" content=\"en_US\" \/>\n<meta property=\"og:type\" content=\"article\" \/>\n<meta property=\"og:title\" content=\"Processing security and qualitiy control - CETIS\" \/>\n<meta property=\"og:description\" content=\"Na podru\u010dju ispisa i kuvertiranja CETIS-ZG d.o.o. nudi\u00a0cjelovita rje\u0161enja koja omogu\u0107avaju izvr\u0161enje procesa mailinga od idejnog rje\u0161enja do distribucije krajnjim korisnicima CETIS-ZG d.o.o. is certificated according to ISO 9001 Quality Management System which means that the Company has organized its processes, operations and documentations according to the standard of the quality system. Business according to [&hellip;]\" \/>\n<meta property=\"og:url\" content=\"https:\/\/cetis.hr\/en\/processing-security-and-qualitiy-control\/\" \/>\n<meta property=\"og:site_name\" content=\"CETIS\" \/>\n<meta property=\"article:modified_time\" content=\"2025-01-30T05:24:23+00:00\" \/>\n<meta name=\"twitter:card\" content=\"summary_large_image\" \/>\n<meta name=\"twitter:label1\" content=\"Est. reading time\" \/>\n\t<meta name=\"twitter:data1\" content=\"3 minutes\" \/>\n<script type=\"application\/ld+json\" class=\"yoast-schema-graph\">{\"@context\":\"https:\/\/schema.org\",\"@graph\":[{\"@type\":\"Organization\",\"@id\":\"https:\/\/cetis.hr\/#organization\",\"name\":\"Cetis-Zg d.o.o.\",\"url\":\"https:\/\/cetis.hr\/\",\"sameAs\":[],\"logo\":{\"@type\":\"ImageObject\",\"@id\":\"https:\/\/cetis.hr\/#logo\",\"inLanguage\":\"en-US\",\"url\":\"https:\/\/cetis.hr\/wp-content\/uploads\/2022\/03\/22CDA2EB-AED0-44EF-9C50-E69B6DD117D2.png\",\"contentUrl\":\"https:\/\/cetis.hr\/wp-content\/uploads\/2022\/03\/22CDA2EB-AED0-44EF-9C50-E69B6DD117D2.png\",\"width\":500,\"height\":165,\"caption\":\"Cetis-Zg d.o.o.\"},\"image\":{\"@id\":\"https:\/\/cetis.hr\/#logo\"}},{\"@type\":\"WebSite\",\"@id\":\"https:\/\/cetis.hr\/#website\",\"url\":\"https:\/\/cetis.hr\/\",\"name\":\"CETIS\",\"description\":\"Produkcija dokumenata i kuvertiranje\",\"publisher\":{\"@id\":\"https:\/\/cetis.hr\/#organization\"},\"potentialAction\":[{\"@type\":\"SearchAction\",\"target\":{\"@type\":\"EntryPoint\",\"urlTemplate\":\"https:\/\/cetis.hr\/?s={search_term_string}\"},\"query-input\":\"required name=search_term_string\"}],\"inLanguage\":\"en-US\"},{\"@type\":\"WebPage\",\"@id\":\"https:\/\/cetis.hr\/en\/processing-security-and-qualitiy-control\/#webpage\",\"url\":\"https:\/\/cetis.hr\/en\/processing-security-and-qualitiy-control\/\",\"name\":\"Processing security and qualitiy control - CETIS\",\"isPartOf\":{\"@id\":\"https:\/\/cetis.hr\/#website\"},\"datePublished\":\"2021-08-31T04:35:28+00:00\",\"dateModified\":\"2025-01-30T05:24:23+00:00\",\"breadcrumb\":{\"@id\":\"https:\/\/cetis.hr\/en\/processing-security-and-qualitiy-control\/#breadcrumb\"},\"inLanguage\":\"en-US\",\"potentialAction\":[{\"@type\":\"ReadAction\",\"target\":[\"https:\/\/cetis.hr\/en\/processing-security-and-qualitiy-control\/\"]}]},{\"@type\":\"BreadcrumbList\",\"@id\":\"https:\/\/cetis.hr\/en\/processing-security-and-qualitiy-control\/#breadcrumb\",\"itemListElement\":[{\"@type\":\"ListItem\",\"position\":1,\"name\":\"Po\u010detna stranica\",\"item\":\"https:\/\/cetis.hr\/en\/\"},{\"@type\":\"ListItem\",\"position\":2,\"name\":\"Processing security and qualitiy control\"}]}]}<\/script>\n<!-- \/ Yoast SEO plugin. -->","yoast_head_json":{"title":"Processing security and qualitiy control - CETIS","robots":{"index":"index","follow":"follow","max-snippet":"max-snippet:-1","max-image-preview":"max-image-preview:large","max-video-preview":"max-video-preview:-1"},"canonical":"https:\/\/cetis.hr\/en\/processing-security-and-qualitiy-control\/","og_locale":"en_US","og_type":"article","og_title":"Processing security and qualitiy control - CETIS","og_description":"Na podru\u010dju ispisa i kuvertiranja CETIS-ZG d.o.o. nudi\u00a0cjelovita rje\u0161enja koja omogu\u0107avaju izvr\u0161enje procesa mailinga od idejnog rje\u0161enja do distribucije krajnjim korisnicima CETIS-ZG d.o.o. is certificated according to ISO 9001 Quality Management System which means that the Company has organized its processes, operations and documentations according to the standard of the quality system. Business according to [&hellip;]","og_url":"https:\/\/cetis.hr\/en\/processing-security-and-qualitiy-control\/","og_site_name":"CETIS","article_modified_time":"2025-01-30T05:24:23+00:00","twitter_card":"summary_large_image","twitter_misc":{"Est. reading time":"3 minutes"},"schema":{"@context":"https:\/\/schema.org","@graph":[{"@type":"Organization","@id":"https:\/\/cetis.hr\/#organization","name":"Cetis-Zg d.o.o.","url":"https:\/\/cetis.hr\/","sameAs":[],"logo":{"@type":"ImageObject","@id":"https:\/\/cetis.hr\/#logo","inLanguage":"en-US","url":"https:\/\/cetis.hr\/wp-content\/uploads\/2022\/03\/22CDA2EB-AED0-44EF-9C50-E69B6DD117D2.png","contentUrl":"https:\/\/cetis.hr\/wp-content\/uploads\/2022\/03\/22CDA2EB-AED0-44EF-9C50-E69B6DD117D2.png","width":500,"height":165,"caption":"Cetis-Zg d.o.o."},"image":{"@id":"https:\/\/cetis.hr\/#logo"}},{"@type":"WebSite","@id":"https:\/\/cetis.hr\/#website","url":"https:\/\/cetis.hr\/","name":"CETIS","description":"Produkcija dokumenata i kuvertiranje","publisher":{"@id":"https:\/\/cetis.hr\/#organization"},"potentialAction":[{"@type":"SearchAction","target":{"@type":"EntryPoint","urlTemplate":"https:\/\/cetis.hr\/?s={search_term_string}"},"query-input":"required name=search_term_string"}],"inLanguage":"en-US"},{"@type":"WebPage","@id":"https:\/\/cetis.hr\/en\/processing-security-and-qualitiy-control\/#webpage","url":"https:\/\/cetis.hr\/en\/processing-security-and-qualitiy-control\/","name":"Processing security and qualitiy control - CETIS","isPartOf":{"@id":"https:\/\/cetis.hr\/#website"},"datePublished":"2021-08-31T04:35:28+00:00","dateModified":"2025-01-30T05:24:23+00:00","breadcrumb":{"@id":"https:\/\/cetis.hr\/en\/processing-security-and-qualitiy-control\/#breadcrumb"},"inLanguage":"en-US","potentialAction":[{"@type":"ReadAction","target":["https:\/\/cetis.hr\/en\/processing-security-and-qualitiy-control\/"]}]},{"@type":"BreadcrumbList","@id":"https:\/\/cetis.hr\/en\/processing-security-and-qualitiy-control\/#breadcrumb","itemListElement":[{"@type":"ListItem","position":1,"name":"Po\u010detna stranica","item":"https:\/\/cetis.hr\/en\/"},{"@type":"ListItem","position":2,"name":"Processing security and qualitiy control"}]}]}},"_links":{"self":[{"href":"https:\/\/cetis.hr\/en\/wp-json\/wp\/v2\/pages\/238437"}],"collection":[{"href":"https:\/\/cetis.hr\/en\/wp-json\/wp\/v2\/pages"}],"about":[{"href":"https:\/\/cetis.hr\/en\/wp-json\/wp\/v2\/types\/page"}],"author":[{"embeddable":true,"href":"https:\/\/cetis.hr\/en\/wp-json\/wp\/v2\/users\/1"}],"replies":[{"embeddable":true,"href":"https:\/\/cetis.hr\/en\/wp-json\/wp\/v2\/comments?post=238437"}],"version-history":[{"count":5,"href":"https:\/\/cetis.hr\/en\/wp-json\/wp\/v2\/pages\/238437\/revisions"}],"predecessor-version":[{"id":238789,"href":"https:\/\/cetis.hr\/en\/wp-json\/wp\/v2\/pages\/238437\/revisions\/238789"}],"wp:attachment":[{"href":"https:\/\/cetis.hr\/en\/wp-json\/wp\/v2\/media?parent=238437"}],"curies":[{"name":"wp","href":"https:\/\/api.w.org\/{rel}","templated":true}]}}